{"id":4792,"date":"2025-09-08T20:53:28","date_gmt":"2025-09-08T20:53:28","guid":{"rendered":"https:\/\/dev4.dejabu.ec\/semaica\/?page_id=4792"},"modified":"2025-10-15T18:26:05","modified_gmt":"2025-10-15T23:26:05","slug":"sobre-el-grupo","status":"publish","type":"page","link":"https:\/\/www.semaica.com\/en\/sobre-el-grupo\/","title":{"rendered":"About the group"},"content":{"rendered":"<div data-elementor-type=\"wp-page\" data-elementor-id=\"4792\" class=\"elementor elementor-4792\" data-elementor-post-type=\"page\">\n\t\t\t\t<div class=\"elementor-element elementor-element-c4de6eb e-con-full e-flex e-con e-parent\" data-id=\"c4de6eb\" data-element_type=\"container\" data-settings=\"{&quot;wcf_enable_cursor_hover_effect_text&quot;:&quot;View&quot;,&quot;wcf-animation&quot;:&quot;none&quot;,&quot;wcf_enable_horizontal_scroll&quot;:&quot;no&quot;}\">\n\t\t<div class=\"aae-disable-transition elementor-element elementor-element-bbc656d e-con-full e-flex e-con e-child\" data-id=\"bbc656d\" data-element_type=\"container\" data-settings=\"{&quot;wcf_enable_cursor_hover_effect_text&quot;:&quot;View&quot;,&quot;wcf-animation&quot;:&quot;fade&quot;,&quot;fade-from&quot;:&quot;left&quot;,&quot;aae_method&quot;:&quot;from&quot;,&quot;aae_trigger&quot;:&quot;on_scroll&quot;,&quot;delay&quot;:0.1499999999999999944488848768742172978818416595458984375,&quot;data-duration&quot;:1.5,&quot;ease&quot;:&quot;power2.out&quot;,&quot;fade-offset&quot;:50,&quot;wcf_enable_horizontal_scroll&quot;:&quot;no&quot;}\">\n\t\t\t\t<div data-speed=\"0.9\" class=\"elementor-element elementor-element-0da8995 elementor-widget elementor-widget-wcf--image\" data-id=\"0da8995\" data-element_type=\"widget\" data-settings=\"{&quot;wcf-image-animation&quot;:&quot;reveal&quot;,&quot;aae_a_start_from&quot;:&quot;right&quot;,&quot;wcf-animation-start&quot;:&quot;top center&quot;,&quot;image-ease&quot;:&quot;power2.out&quot;,&quot;wcf-animation&quot;:&quot;none&quot;}\" data-widget_type=\"wcf--image.default\">\n\t\t\t\t<div class=\"elementor-widget-container\">\n\t\t\t\t\t\t\t<div class=\"wcf--image\">\r\n\t\t\t\t\t\t\t<img fetchpriority=\"high\" decoding=\"async\" width=\"930\" height=\"556\" src=\"https:\/\/www.semaica.com\/wp-content\/uploads\/2025\/09\/sobre-grupo.jpg\" class=\"attachment-full size-full wp-image-7340\" alt=\"\" srcset=\"https:\/\/www.semaica.com\/wp-content\/uploads\/2025\/09\/sobre-grupo.jpg 930w, https:\/\/www.semaica.com\/wp-content\/uploads\/2025\/09\/sobre-grupo-300x179.jpg 300w, https:\/\/www.semaica.com\/wp-content\/uploads\/2025\/09\/sobre-grupo-768x459.jpg 768w, https:\/\/www.semaica.com\/wp-content\/uploads\/2025\/09\/sobre-grupo-18x12.jpg 18w\" sizes=\"(max-width: 930px) 100vw, 930px\" \/>\t\t\t\t\t\t<\/div>\r\n\t\t\t\t<\/div>\n\t\t\t\t<\/div>\n\t\t\t\t<\/div>\n\t\t<div class=\"aae-disable-transition elementor-element elementor-element-c62a02d e-con-full e-flex e-con e-child\" data-id=\"c62a02d\" data-element_type=\"container\" data-settings=\"{&quot;wcf-animation&quot;:&quot;fade&quot;,&quot;fade-from&quot;:&quot;right&quot;,&quot;wcf_enable_cursor_hover_effect_text&quot;:&quot;View&quot;,&quot;aae_method&quot;:&quot;from&quot;,&quot;aae_trigger&quot;:&quot;on_scroll&quot;,&quot;delay&quot;:0.1499999999999999944488848768742172978818416595458984375,&quot;data-duration&quot;:1.5,&quot;ease&quot;:&quot;power2.out&quot;,&quot;fade-offset&quot;:50,&quot;wcf_enable_horizontal_scroll&quot;:&quot;no&quot;}\">\n\t\t\t\t<div class=\"elementor-element elementor-element-9d9ed57 wcf-t-animation-none elementor-widget elementor-widget-heading\" data-id=\"9d9ed57\" data-element_type=\"widget\" data-settings=\"{&quot;wcf_text_animation&quot;:&quot;none&quot;,&quot;wcf-animation&quot;:&quot;none&quot;}\" data-widget_type=\"heading.default\">\n\t\t\t\t<div class=\"elementor-widget-container\">\n\t\t\t\t\t<h2 class=\"elementor-heading-title elementor-size-default\"><span style=\"font-weight: 600\">LEGACY <\/span> <br><span style=\"font-weight: 300\">IS <\/span><span style=\"color: #004289;font-weight: 600\">BUILT<\/span><\/h2>\t\t\t\t<\/div>\n\t\t\t\t<\/div>\n\t\t\t\t<div class=\"elementor-element elementor-element-19324fc wcf-t-animation-none elementor-widget elementor-widget-heading\" data-id=\"19324fc\" data-element_type=\"widget\" data-settings=\"{&quot;wcf_text_animation&quot;:&quot;none&quot;,&quot;wcf-animation&quot;:&quot;none&quot;}\" data-widget_type=\"heading.default\">\n\t\t\t\t<div class=\"elementor-widget-container\">\n\t\t\t\t\t<h2 class=\"elementor-heading-title elementor-size-default\"><span style=\"font-weight: 600\">NOT BOUGHT <\/span><\/h2>\t\t\t\t<\/div>\n\t\t\t\t<\/div>\n\t\t\t\t<\/div>\n\t\t\t\t<\/div>\n\t\t<div class=\"aae-disable-transition elementor-element elementor-element-76789a1 e-flex e-con-boxed e-con e-parent\" data-id=\"76789a1\" data-element_type=\"container\" data-settings=\"{&quot;wcf-animation&quot;:&quot;fade&quot;,&quot;wcf_enable_cursor_hover_effect_text&quot;:&quot;View&quot;,&quot;aae_method&quot;:&quot;from&quot;,&quot;aae_trigger&quot;:&quot;on_scroll&quot;,&quot;delay&quot;:0.1499999999999999944488848768742172978818416595458984375,&quot;fade-from&quot;:&quot;bottom&quot;,&quot;data-duration&quot;:1.5,&quot;ease&quot;:&quot;power2.out&quot;,&quot;fade-offset&quot;:50,&quot;wcf_enable_horizontal_scroll&quot;:&quot;no&quot;}\">\n\t\t\t\t\t<div class=\"e-con-inner\">\n\t\t\t\t<div class=\"elementor-element elementor-element-c2a9bdd wcf-t-animation-none elementor-widget elementor-widget-text-editor\" data-id=\"c2a9bdd\" data-element_type=\"widget\" data-settings=\"{&quot;wcf_text_animation&quot;:&quot;none&quot;,&quot;wcf-animation&quot;:&quot;none&quot;}\" data-widget_type=\"text-editor.default\">\n\t\t\t\t<div class=\"elementor-widget-container\">\n\t\t\t\t\t\t\t\t\t<p>We build legacies by supporting every project from start to finish, with excellence and a solid track record. We provide advanced, integrated solutions designed to drive your business success and ensure long-lasting value.<\/p><p>With over 70 years of experience, we have grown from a construction company to a diversified group offering integrated services across multiple sectors.<\/p>\t\t\t\t\t\t\t\t<\/div>\n\t\t\t\t<\/div>\n\t\t\t\t\t<\/div>\n\t\t\t\t<\/div>\n\t\t<div class=\"elementor-element elementor-element-f4db315 e-flex e-con-boxed e-con e-parent\" data-id=\"f4db315\" data-element_type=\"container\" data-settings=\"{&quot;wcf_enable_cursor_hover_effect_text&quot;:&quot;View&quot;,&quot;wcf-animation&quot;:&quot;none&quot;,&quot;wcf_enable_horizontal_scroll&quot;:&quot;no&quot;}\">\n\t\t\t\t\t<div class=\"e-con-inner\">\n\t\t<div class=\"aae-disable-transition elementor-element elementor-element-95eb4ee e-con-full e-flex e-con e-child\" data-speed=\"0.9\" data-id=\"95eb4ee\" data-element_type=\"container\" data-settings=\"{&quot;wcf-animation&quot;:&quot;fade&quot;,&quot;fade-from&quot;:&quot;left&quot;,&quot;wcf_enable_cursor_hover_effect_text&quot;:&quot;View&quot;,&quot;aae_method&quot;:&quot;from&quot;,&quot;aae_trigger&quot;:&quot;on_scroll&quot;,&quot;delay&quot;:0.1499999999999999944488848768742172978818416595458984375,&quot;data-duration&quot;:1.5,&quot;ease&quot;:&quot;power2.out&quot;,&quot;fade-offset&quot;:50,&quot;wcf_enable_horizontal_scroll&quot;:&quot;no&quot;}\">\n\t\t\t\t<div class=\"elementor-element elementor-element-6ff4c48 elementor-widget elementor-widget-wcf--image\" data-id=\"6ff4c48\" data-element_type=\"widget\" data-settings=\"{&quot;wcf-image-animation&quot;:&quot;none&quot;,&quot;wcf-animation&quot;:&quot;none&quot;}\" data-widget_type=\"wcf--image.default\">\n\t\t\t\t<div class=\"elementor-widget-container\">\n\t\t\t\t\t\t\t<div class=\"wcf--image\">\r\n\t\t\t\t\t\t\t<img decoding=\"async\" width=\"655\" height=\"655\" src=\"https:\/\/www.semaica.com\/wp-content\/uploads\/2025\/10\/semaica-circle-en-1.png\" class=\"attachment-full size-full wp-image-4800\" alt=\"\" srcset=\"https:\/\/www.semaica.com\/wp-content\/uploads\/2025\/10\/semaica-circle-en-1.png 655w, https:\/\/www.semaica.com\/wp-content\/uploads\/2025\/10\/semaica-circle-en-1-300x300.png 300w, https:\/\/www.semaica.com\/wp-content\/uploads\/2025\/10\/semaica-circle-en-1-150x150.png 150w, https:\/\/www.semaica.com\/wp-content\/uploads\/2025\/10\/semaica-circle-en-1-12x12.png 12w\" sizes=\"(max-width: 655px) 100vw, 655px\" \/>\t\t\t\t\t\t<\/div>\r\n\t\t\t\t<\/div>\n\t\t\t\t<\/div>\n\t\t\t\t<\/div>\n\t\t<div class=\"elementor-element elementor-element-63120b1 e-grid e-con-full e-con e-child\" data-id=\"63120b1\" data-element_type=\"container\" data-settings=\"{&quot;wcf_enable_cursor_hover_effect_text&quot;:&quot;View&quot;,&quot;wcf-animation&quot;:&quot;none&quot;,&quot;wcf_enable_horizontal_scroll&quot;:&quot;no&quot;}\">\n\t\t\t\t<div class=\"elementor-element elementor-element-42820e7 elementor-widget elementor-widget-wcf--image\" data-id=\"42820e7\" data-element_type=\"widget\" data-settings=\"{&quot;wcf-animation&quot;:&quot;fade&quot;,&quot;fade-from&quot;:&quot;right&quot;,&quot;wcf-image-animation&quot;:&quot;none&quot;,&quot;aae_method&quot;:&quot;from&quot;,&quot;aae_trigger&quot;:&quot;on_scroll&quot;,&quot;delay&quot;:0.1499999999999999944488848768742172978818416595458984375,&quot;data-duration&quot;:1.5,&quot;ease&quot;:&quot;power2.out&quot;,&quot;fade-offset&quot;:50}\" data-widget_type=\"wcf--image.default\">\n\t\t\t\t<div class=\"elementor-widget-container\">\n\t\t\t\t\t\t\t<div class=\"wcf--image\">\r\n\t\t\t\t\t\t\t<img decoding=\"async\" width=\"494\" height=\"56\" src=\"https:\/\/www.semaica.com\/wp-content\/uploads\/2025\/10\/smc-cons-logo-en.png\" class=\"attachment-full size-full wp-image-4814\" alt=\"\" srcset=\"https:\/\/www.semaica.com\/wp-content\/uploads\/2025\/10\/smc-cons-logo-en.png 494w, https:\/\/www.semaica.com\/wp-content\/uploads\/2025\/10\/smc-cons-logo-en-300x34.png 300w, https:\/\/www.semaica.com\/wp-content\/uploads\/2025\/10\/smc-cons-logo-en-18x2.png 18w\" sizes=\"(max-width: 494px) 100vw, 494px\" \/>\t\t\t\t\t\t<\/div>\r\n\t\t\t\t<\/div>\n\t\t\t\t<\/div>\n\t\t\t\t<div class=\"elementor-element elementor-element-324ff1e elementor-widget-mobile__width-initial elementor-widget elementor-widget-wcf--image\" data-id=\"324ff1e\" data-element_type=\"widget\" data-settings=\"{&quot;wcf-animation&quot;:&quot;fade&quot;,&quot;fade-from&quot;:&quot;right&quot;,&quot;wcf-image-animation&quot;:&quot;none&quot;,&quot;aae_method&quot;:&quot;from&quot;,&quot;aae_trigger&quot;:&quot;on_scroll&quot;,&quot;delay&quot;:0.1499999999999999944488848768742172978818416595458984375,&quot;data-duration&quot;:1.5,&quot;ease&quot;:&quot;power2.out&quot;,&quot;fade-offset&quot;:50}\" data-widget_type=\"wcf--image.default\">\n\t\t\t\t<div class=\"elementor-widget-container\">\n\t\t\t\t\t\t\t<div class=\"wcf--image\">\r\n\t\t\t\t\t\t\t<img loading=\"lazy\" decoding=\"async\" width=\"284\" height=\"56\" src=\"https:\/\/www.semaica.com\/wp-content\/uploads\/2025\/09\/smc-nrg-logo-l.png\" class=\"attachment-full size-full wp-image-4813\" alt=\"\" srcset=\"https:\/\/www.semaica.com\/wp-content\/uploads\/2025\/09\/smc-nrg-logo-l.png 284w, https:\/\/www.semaica.com\/wp-content\/uploads\/2025\/09\/smc-nrg-logo-l-18x4.png 18w\" sizes=\"(max-width: 284px) 100vw, 284px\" \/>\t\t\t\t\t\t<\/div>\r\n\t\t\t\t<\/div>\n\t\t\t\t<\/div>\n\t\t\t\t<div class=\"elementor-element elementor-element-a763955 elementor-widget-mobile__width-initial elementor-widget elementor-widget-wcf--image\" data-id=\"a763955\" data-element_type=\"widget\" data-settings=\"{&quot;wcf-animation&quot;:&quot;fade&quot;,&quot;fade-from&quot;:&quot;right&quot;,&quot;wcf-image-animation&quot;:&quot;none&quot;,&quot;aae_method&quot;:&quot;from&quot;,&quot;aae_trigger&quot;:&quot;on_scroll&quot;,&quot;delay&quot;:0.1499999999999999944488848768742172978818416595458984375,&quot;data-duration&quot;:1.5,&quot;ease&quot;:&quot;power2.out&quot;,&quot;fade-offset&quot;:50}\" data-widget_type=\"wcf--image.default\">\n\t\t\t\t<div class=\"elementor-widget-container\">\n\t\t\t\t\t\t\t<div class=\"wcf--image\">\r\n\t\t\t\t\t\t\t<img loading=\"lazy\" decoding=\"async\" width=\"259\" height=\"56\" src=\"https:\/\/www.semaica.com\/wp-content\/uploads\/2025\/09\/smc-tool-logo-l.png\" class=\"attachment-full size-full wp-image-4812\" alt=\"\" srcset=\"https:\/\/www.semaica.com\/wp-content\/uploads\/2025\/09\/smc-tool-logo-l.png 259w, https:\/\/www.semaica.com\/wp-content\/uploads\/2025\/09\/smc-tool-logo-l-18x4.png 18w\" sizes=\"(max-width: 259px) 100vw, 259px\" \/>\t\t\t\t\t\t<\/div>\r\n\t\t\t\t<\/div>\n\t\t\t\t<\/div>\n\t\t\t\t<div class=\"elementor-element elementor-element-96f4516 elementor-widget-mobile__width-initial elementor-widget elementor-widget-wcf--image\" data-id=\"96f4516\" data-element_type=\"widget\" data-settings=\"{&quot;wcf-animation&quot;:&quot;fade&quot;,&quot;fade-from&quot;:&quot;right&quot;,&quot;wcf-image-animation&quot;:&quot;none&quot;,&quot;aae_method&quot;:&quot;from&quot;,&quot;aae_trigger&quot;:&quot;on_scroll&quot;,&quot;delay&quot;:0.1499999999999999944488848768742172978818416595458984375,&quot;data-duration&quot;:1.5,&quot;ease&quot;:&quot;power2.out&quot;,&quot;fade-offset&quot;:50}\" data-widget_type=\"wcf--image.default\">\n\t\t\t\t<div class=\"elementor-widget-container\">\n\t\t\t\t\t\t\t<div class=\"wcf--image\">\r\n\t\t\t\t\t\t\t<img loading=\"lazy\" decoding=\"async\" width=\"264\" height=\"56\" src=\"https:\/\/www.semaica.com\/wp-content\/uploads\/2025\/09\/smc-mng-logo-l.png\" class=\"attachment-full size-full wp-image-4811\" alt=\"\" srcset=\"https:\/\/www.semaica.com\/wp-content\/uploads\/2025\/09\/smc-mng-logo-l.png 264w, https:\/\/www.semaica.com\/wp-content\/uploads\/2025\/09\/smc-mng-logo-l-18x4.png 18w\" sizes=\"(max-width: 264px) 100vw, 264px\" \/>\t\t\t\t\t\t<\/div>\r\n\t\t\t\t<\/div>\n\t\t\t\t<\/div>\n\t\t\t\t<div class=\"elementor-element elementor-element-390c0c6 elementor-widget elementor-widget-wcf--image\" data-id=\"390c0c6\" data-element_type=\"widget\" data-settings=\"{&quot;wcf-animation&quot;:&quot;fade&quot;,&quot;fade-from&quot;:&quot;right&quot;,&quot;wcf-image-animation&quot;:&quot;none&quot;,&quot;aae_method&quot;:&quot;from&quot;,&quot;aae_trigger&quot;:&quot;on_scroll&quot;,&quot;delay&quot;:0.1499999999999999944488848768742172978818416595458984375,&quot;data-duration&quot;:1.5,&quot;ease&quot;:&quot;power2.out&quot;,&quot;fade-offset&quot;:50}\" data-widget_type=\"wcf--image.default\">\n\t\t\t\t<div class=\"elementor-widget-container\">\n\t\t\t\t\t\t\t<div class=\"wcf--image\">\r\n\t\t\t\t\t\t\t<img loading=\"lazy\" decoding=\"async\" width=\"280\" height=\"54\" src=\"https:\/\/www.semaica.com\/wp-content\/uploads\/2025\/09\/logo-acervo-1.png\" class=\"attachment-full size-full wp-image-7369\" alt=\"\" srcset=\"https:\/\/www.semaica.com\/wp-content\/uploads\/2025\/09\/logo-acervo-1.png 280w, https:\/\/www.semaica.com\/wp-content\/uploads\/2025\/09\/logo-acervo-1-18x3.png 18w\" sizes=\"(max-width: 280px) 100vw, 280px\" \/>\t\t\t\t\t\t<\/div>\r\n\t\t\t\t<\/div>\n\t\t\t\t<\/div>\n\t\t\t\t<div class=\"elementor-element elementor-element-0feb921 elementor-widget elementor-widget-wcf--image\" data-id=\"0feb921\" data-element_type=\"widget\" data-settings=\"{&quot;wcf-animation&quot;:&quot;fade&quot;,&quot;fade-from&quot;:&quot;right&quot;,&quot;wcf-image-animation&quot;:&quot;none&quot;,&quot;aae_method&quot;:&quot;from&quot;,&quot;aae_trigger&quot;:&quot;on_scroll&quot;,&quot;delay&quot;:0.1499999999999999944488848768742172978818416595458984375,&quot;data-duration&quot;:1.5,&quot;ease&quot;:&quot;power2.out&quot;,&quot;fade-offset&quot;:50}\" data-widget_type=\"wcf--image.default\">\n\t\t\t\t<div class=\"elementor-widget-container\">\n\t\t\t\t\t\t\t<div class=\"wcf--image\">\r\n\t\t\t\t\t\t\t<img loading=\"lazy\" decoding=\"async\" width=\"280\" height=\"73\" src=\"https:\/\/www.semaica.com\/wp-content\/uploads\/2025\/09\/prex-logo.png\" class=\"attachment-full size-full wp-image-4805\" alt=\"\" srcset=\"https:\/\/www.semaica.com\/wp-content\/uploads\/2025\/09\/prex-logo.png 280w, https:\/\/www.semaica.com\/wp-content\/uploads\/2025\/09\/prex-logo-18x5.png 18w\" sizes=\"(max-width: 280px) 100vw, 280px\" \/>\t\t\t\t\t\t<\/div>\r\n\t\t\t\t<\/div>\n\t\t\t\t<\/div>\n\t\t\t\t<\/div>\n\t\t\t\t\t<\/div>\n\t\t\t\t<\/div>\n\t\t<div class=\"elementor-element elementor-element-9ba8745 e-flex e-con-boxed e-con e-parent\" data-id=\"9ba8745\" data-element_type=\"container\" data-settings=\"{&quot;wcf_enable_cursor_hover_effect_text&quot;:&quot;View&quot;,&quot;wcf-animation&quot;:&quot;none&quot;,&quot;wcf_enable_horizontal_scroll&quot;:&quot;no&quot;}\">\n\t\t\t\t\t<div class=\"e-con-inner\">\n\t\t\t\t<div class=\"elementor-element elementor-element-33ea121 elementor-widget elementor-widget-spacer\" data-id=\"33ea121\" data-element_type=\"widget\" data-settings=\"{&quot;wcf-animation&quot;:&quot;none&quot;}\" data-widget_type=\"spacer.default\">\n\t\t\t\t<div class=\"elementor-widget-container\">\n\t\t\t\t\t\t\t<div class=\"elementor-spacer\">\n\t\t\t<div class=\"elementor-spacer-inner\"><\/div>\n\t\t<\/div>\n\t\t\t\t\t\t<\/div>\n\t\t\t\t<\/div>\n\t\t\t\t\t<\/div>\n\t\t\t\t<\/div>\n\t\t<div class=\"elementor-element elementor-element-a4c2ec0 e-flex e-con-boxed e-con e-parent\" data-id=\"a4c2ec0\" data-element_type=\"container\" data-settings=\"{&quot;wcf_enable_cursor_hover_effect_text&quot;:&quot;View&quot;,&quot;wcf-animation&quot;:&quot;none&quot;,&quot;wcf_enable_horizontal_scroll&quot;:&quot;no&quot;}\">\n\t\t\t\t\t<div class=\"e-con-inner\">\n\t\t\t\t<div class=\"elementor-element elementor-element-9e917bf elementor-widget elementor-widget-html\" data-id=\"9e917bf\" data-element_type=\"widget\" data-settings=\"{&quot;wcf-animation&quot;:&quot;none&quot;}\" data-widget_type=\"html.default\">\n\t\t\t\t<div class=\"elementor-widget-container\">\n\t\t\t\t\t<script type=\"text\/javascript\">\n    \njQuery(document).ready(function( $ ){\n    window.onload = function(){\n        var elToFind = localStorage.getItem(\"storageName\");\n        $(\"a:contains('\"+elToFind+\"')\").css('color', '#004289');\n        $(\"a:contains('\"+elToFind+\"')\").closest('li').addClass('jet-mega-current-menu-item');\n    }\n});\n<\/script>\t\t\t\t<\/div>\n\t\t\t\t<\/div>\n\t\t\t\t\t<\/div>\n\t\t\t\t<\/div>\n\t\t\t\t<\/div>","protected":false},"excerpt":{"rendered":"<p>EL LEGADO NO SE COMPRA, SE CONSTRUYE Construimos legados y acompa\u00f1amos cada proyecto de principio a fin, con excelencia y el respaldo de una s\u00f3lida trayectoria, ofreciendo soluciones avanzadas dise\u00f1adas para potenciar el \u00e9xito de su negocio y perdurar en el tiempo. Con m\u00e1s de 70 a\u00f1os de historia, evolucionamos de una compa\u00f1\u00eda constructora a [&hellip;]<\/p>","protected":false},"author":1,"featured_media":0,"parent":0,"menu_order":0,"comment_status":"closed","ping_status":"closed","template":"elementor_header_footer","meta":{"footnotes":""},"class_list":["post-4792","page","type-page","status-publish","hentry"],"_links":{"self":[{"href":"https:\/\/www.semaica.com\/en\/wp-json\/wp\/v2\/pages\/4792","targetHints":{"allow":["GET"]}}],"collection":[{"href":"https:\/\/www.semaica.com\/en\/wp-json\/wp\/v2\/pages"}],"about":[{"href":"https:\/\/www.semaica.com\/en\/wp-json\/wp\/v2\/types\/page"}],"author":[{"embeddable":true,"href":"https:\/\/www.semaica.com\/en\/wp-json\/wp\/v2\/users\/1"}],"replies":[{"embeddable":true,"href":"https:\/\/www.semaica.com\/en\/wp-json\/wp\/v2\/comments?post=4792"}],"version-history":[{"count":0,"href":"https:\/\/www.semaica.com\/en\/wp-json\/wp\/v2\/pages\/4792\/revisions"}],"wp:attachment":[{"href":"https:\/\/www.semaica.com\/en\/wp-json\/wp\/v2\/media?parent=4792"}],"curies":[{"name":"wp","href":"https:\/\/api.w.org\/{rel}","templated":true}]}}