{"id":6244,"date":"2025-09-22T15:45:48","date_gmt":"2025-09-22T15:45:48","guid":{"rendered":"https:\/\/dev4.dejabu.ec\/semaica\/?page_id=6244"},"modified":"2025-10-22T16:36:23","modified_gmt":"2025-10-22T21:36:23","slug":"se-nuestro-proveedor","status":"publish","type":"page","link":"http:\/\/www.semaica.com\/en\/se-nuestro-proveedor\/","title":{"rendered":"Supplier Relationships"},"content":{"rendered":"<div data-elementor-type=\"wp-page\" data-elementor-id=\"6244\" class=\"elementor elementor-6244\" data-elementor-post-type=\"page\">\n\t\t\t\t<div class=\"elementor-element elementor-element-abeffdb e-con-full e-flex e-con e-parent\" data-id=\"abeffdb\" data-element_type=\"container\" data-settings=\"{&quot;wcf_enable_cursor_hover_effect_text&quot;:&quot;View&quot;,&quot;wcf-animation&quot;:&quot;none&quot;,&quot;wcf_enable_horizontal_scroll&quot;:&quot;no&quot;}\">\n\t\t<div class=\"aae-disable-transition elementor-element elementor-element-6e4abff e-con-full e-flex e-con e-child\" data-speed=\"0.9\" data-id=\"6e4abff\" data-element_type=\"container\" data-settings=\"{&quot;wcf_enable_cursor_hover_effect_text&quot;:&quot;View&quot;,&quot;wcf-animation&quot;:&quot;fade&quot;,&quot;fade-from&quot;:&quot;left&quot;,&quot;aae_method&quot;:&quot;from&quot;,&quot;aae_trigger&quot;:&quot;on_scroll&quot;,&quot;delay&quot;:0.1499999999999999944488848768742172978818416595458984375,&quot;data-duration&quot;:1.5,&quot;ease&quot;:&quot;power2.out&quot;,&quot;fade-offset&quot;:50,&quot;wcf_enable_horizontal_scroll&quot;:&quot;no&quot;}\">\n\t\t\t\t<div data-speed=\"0.9\" class=\"elementor-element elementor-element-63633f4 elementor-widget elementor-widget-wcf--image\" data-id=\"63633f4\" data-element_type=\"widget\" data-settings=\"{&quot;wcf-image-animation&quot;:&quot;reveal&quot;,&quot;aae_a_start_from&quot;:&quot;right&quot;,&quot;wcf-animation-start&quot;:&quot;top center&quot;,&quot;image-ease&quot;:&quot;power2.out&quot;,&quot;wcf-animation&quot;:&quot;none&quot;}\" data-widget_type=\"wcf--image.default\">\n\t\t\t\t<div class=\"elementor-widget-container\">\n\t\t\t\t\t\t\t<div class=\"wcf--image\">\r\n\t\t\t\t\t\t\t<img fetchpriority=\"high\" decoding=\"async\" width=\"855\" height=\"821\" src=\"https:\/\/www.semaica.com\/wp-content\/uploads\/2025\/09\/se-proveedor.jpg\" class=\"attachment-full size-full wp-image-6246\" alt=\"\" srcset=\"https:\/\/www.semaica.com\/wp-content\/uploads\/2025\/09\/se-proveedor.jpg 855w, https:\/\/www.semaica.com\/wp-content\/uploads\/2025\/09\/se-proveedor-300x288.jpg 300w, https:\/\/www.semaica.com\/wp-content\/uploads\/2025\/09\/se-proveedor-768x737.jpg 768w, https:\/\/www.semaica.com\/wp-content\/uploads\/2025\/09\/se-proveedor-12x12.jpg 12w\" sizes=\"(max-width: 855px) 100vw, 855px\" \/>\t\t\t\t\t\t<\/div>\r\n\t\t\t\t<\/div>\n\t\t\t\t<\/div>\n\t\t\t\t<\/div>\n\t\t<div class=\"aae-disable-transition elementor-element elementor-element-a698b15 e-con-full e-flex e-con e-child\" data-id=\"a698b15\" data-element_type=\"container\" data-settings=\"{&quot;wcf-animation&quot;:&quot;fade&quot;,&quot;fade-from&quot;:&quot;right&quot;,&quot;wcf_enable_cursor_hover_effect_text&quot;:&quot;View&quot;,&quot;aae_method&quot;:&quot;from&quot;,&quot;aae_trigger&quot;:&quot;on_scroll&quot;,&quot;delay&quot;:0.1499999999999999944488848768742172978818416595458984375,&quot;data-duration&quot;:1.5,&quot;ease&quot;:&quot;power2.out&quot;,&quot;fade-offset&quot;:50,&quot;wcf_enable_horizontal_scroll&quot;:&quot;no&quot;}\">\n\t\t\t\t<div class=\"elementor-element elementor-element-3547e1e wcf-t-animation-none elementor-widget elementor-widget-heading\" data-id=\"3547e1e\" data-element_type=\"widget\" data-settings=\"{&quot;wcf_text_animation&quot;:&quot;none&quot;,&quot;wcf-animation&quot;:&quot;none&quot;}\" data-widget_type=\"heading.default\">\n\t\t\t\t<div class=\"elementor-widget-container\">\n\t\t\t\t\t<h2 class=\"elementor-heading-title elementor-size-default\"><span style=\"font-weight: 300\">SUPPLIER <\/span><span style=\"color: #004289;font-weight: 600\">RELATIONSHIPS<\/span><\/h2>\t\t\t\t<\/div>\n\t\t\t\t<\/div>\n\t\t\t\t<div class=\"elementor-element elementor-element-0c4c4d4 wcf-t-animation-none elementor-widget elementor-widget-text-editor\" data-id=\"0c4c4d4\" data-element_type=\"widget\" data-settings=\"{&quot;wcf_text_animation&quot;:&quot;none&quot;,&quot;wcf-animation&quot;:&quot;none&quot;}\" data-widget_type=\"text-editor.default\">\n\t\t\t\t<div class=\"elementor-widget-container\">\n\t\t\t\t\t\t\t\t\t<p>At Grupo Empresarial Semaica, we believe in partnerships built on trust, transparency, and shared commitment to quality. We work exclusively with suppliers who align with our values and uphold our high standards of integrity, compliance, and sustainability.<\/p>\t\t\t\t\t\t\t\t<\/div>\n\t\t\t\t<\/div>\n\t\t\t\t<\/div>\n\t\t\t\t<\/div>\n\t\t<div class=\"elementor-element elementor-element-3a73390 e-flex e-con-boxed e-con e-parent\" data-id=\"3a73390\" data-element_type=\"container\" data-settings=\"{&quot;wcf_enable_cursor_hover_effect_text&quot;:&quot;View&quot;,&quot;wcf-animation&quot;:&quot;none&quot;,&quot;wcf_enable_horizontal_scroll&quot;:&quot;no&quot;}\">\n\t\t\t\t\t<div class=\"e-con-inner\">\n\t\t\t\t<div class=\"elementor-element elementor-element-0cfcbb7 elementor-widget elementor-widget-spacer\" data-id=\"0cfcbb7\" data-element_type=\"widget\" data-settings=\"{&quot;wcf-animation&quot;:&quot;none&quot;}\" data-widget_type=\"spacer.default\">\n\t\t\t\t<div class=\"elementor-widget-container\">\n\t\t\t\t\t\t\t<div class=\"elementor-spacer\">\n\t\t\t<div class=\"elementor-spacer-inner\"><\/div>\n\t\t<\/div>\n\t\t\t\t\t\t<\/div>\n\t\t\t\t<\/div>\n\t\t\t\t\t<\/div>\n\t\t\t\t<\/div>\n\t\t<div class=\"aae-disable-transition elementor-element elementor-element-aa14e94 e-flex e-con-boxed e-con e-parent\" data-id=\"aa14e94\" data-element_type=\"container\" data-settings=\"{&quot;wcf-animation&quot;:&quot;fade&quot;,&quot;wcf_enable_cursor_hover_effect_text&quot;:&quot;View&quot;,&quot;aae_method&quot;:&quot;from&quot;,&quot;aae_trigger&quot;:&quot;on_scroll&quot;,&quot;delay&quot;:0.1499999999999999944488848768742172978818416595458984375,&quot;fade-from&quot;:&quot;bottom&quot;,&quot;data-duration&quot;:1.5,&quot;ease&quot;:&quot;power2.out&quot;,&quot;fade-offset&quot;:50,&quot;wcf_enable_horizontal_scroll&quot;:&quot;no&quot;}\">\n\t\t\t\t\t<div class=\"e-con-inner\">\n\t\t\t\t<div class=\"elementor-element elementor-element-31a1c98 wcf-t-animation-none elementor-widget elementor-widget-heading\" data-id=\"31a1c98\" data-element_type=\"widget\" data-settings=\"{&quot;wcf_text_animation&quot;:&quot;none&quot;,&quot;wcf-animation&quot;:&quot;none&quot;}\" data-widget_type=\"heading.default\">\n\t\t\t\t<div class=\"elementor-widget-container\">\n\t\t\t\t\t<h2 class=\"elementor-heading-title elementor-size-default\">SUPPLIER INFORMATION<\/h2>\t\t\t\t<\/div>\n\t\t\t\t<\/div>\n\t\t\t\t\t<\/div>\n\t\t\t\t<\/div>\n\t\t<div class=\"elementor-element elementor-element-83bd256 e-flex e-con-boxed e-con e-parent\" data-id=\"83bd256\" data-element_type=\"container\" data-settings=\"{&quot;wcf_enable_cursor_hover_effect_text&quot;:&quot;View&quot;,&quot;wcf-animation&quot;:&quot;none&quot;,&quot;wcf_enable_horizontal_scroll&quot;:&quot;no&quot;}\">\n\t\t\t\t\t<div class=\"e-con-inner\">\n\t\t\t\t<div class=\"elementor-element elementor-element-e2d00d7 elementor-widget elementor-widget-spacer\" data-id=\"e2d00d7\" data-element_type=\"widget\" data-settings=\"{&quot;wcf-animation&quot;:&quot;none&quot;}\" data-widget_type=\"spacer.default\">\n\t\t\t\t<div class=\"elementor-widget-container\">\n\t\t\t\t\t\t\t<div class=\"elementor-spacer\">\n\t\t\t<div class=\"elementor-spacer-inner\"><\/div>\n\t\t<\/div>\n\t\t\t\t\t\t<\/div>\n\t\t\t\t<\/div>\n\t\t\t\t\t<\/div>\n\t\t\t\t<\/div>\n\t\t<div class=\"aae-disable-transition elementor-element elementor-element-63d9ecc e-con-full elementor-hidden-tablet elementor-hidden-mobile e-flex e-con e-parent\" data-id=\"63d9ecc\" data-element_type=\"container\" data-settings=\"{&quot;wcf-animation&quot;:&quot;fade&quot;,&quot;wcf_enable_cursor_hover_effect_text&quot;:&quot;View&quot;,&quot;aae_method&quot;:&quot;from&quot;,&quot;aae_trigger&quot;:&quot;on_scroll&quot;,&quot;delay&quot;:0.1499999999999999944488848768742172978818416595458984375,&quot;fade-from&quot;:&quot;bottom&quot;,&quot;data-duration&quot;:1.5,&quot;ease&quot;:&quot;power2.out&quot;,&quot;fade-offset&quot;:50,&quot;wcf_enable_horizontal_scroll&quot;:&quot;no&quot;}\">\n\t\t\t\t<div class=\"elementor-element elementor-element-baac6e2 wcf-tabs-direction-row tabss wcf-tabs-mobile elementor-widget elementor-widget-wcf--tabs\" data-id=\"baac6e2\" data-element_type=\"widget\" data-settings=\"{&quot;wcf-animation&quot;:&quot;none&quot;}\" data-widget_type=\"wcf--tabs.default\">\n\t\t\t\t<div class=\"elementor-widget-container\">\n\t\t\t\t\t\t\t<div class=\"wcf--tabs\">\r\n\t\t\t<div class=\"tabs-wrapper\" role=\"tablist\">\r\n\t\t\t\t\t\t\t\t\t<div id=\"tab-title-1951\" class=\"tab-title tab-desktop-title\" aria-selected=\"true\" data-tab=\"1\" role=\"tab\" tabindex=\"0\" aria-controls=\"tab-content-1951\">\r\n\t\t\t\t\t\t\t\t\t\t\t\t01. SUPPLIER POLICIES\t\t\t\t\t<\/div>\r\n\t\t\t\t\t\t\t\t\t<div id=\"tab-title-1952\" class=\"tab-title tab-desktop-title\" aria-selected=\"false\" data-tab=\"2\" role=\"tab\" tabindex=\"-1\" aria-controls=\"tab-content-1952\">\r\n\t\t\t\t\t\t\t\t\t\t\t\t02. SUPPLIER CODE OF CONDUCT\t\t\t\t\t<\/div>\r\n\t\t\t\t\t\t\t\t\t<div id=\"tab-title-1953\" class=\"tab-title tab-desktop-title\" aria-selected=\"false\" data-tab=\"3\" role=\"tab\" tabindex=\"-1\" aria-controls=\"tab-content-1953\">\r\n\t\t\t\t\t\t\t\t\t\t\t\t03. CONCRETO PLATFORM\t\t\t\t\t<\/div>\r\n\t\t\t\t\t\t\t<\/div>\r\n\t\t\t<div class=\"tabs-content-wrapper\" role=\"tablist\">\r\n\t\t\t\t                    <div class=\"tab-item\">\r\n                        <div class=\"tab-title tab-mobile-title\" aria-selected=\"true\" data-tab=\"1\" role=\"tab\" tabindex=\"0\" aria-controls=\"tab-content-1951\" aria-expanded=\"false\">\r\n\t\t\t\t\t\t\t\t\t\t\t\t\t\t01. SUPPLIER POLICIES                        <\/div>\r\n                        <div id=\"tab-content-1951\" class=\"tab-content\" data-tab=\"1\" role=\"tabpanel\" aria-labelledby=\"tab-title-1951\" tabindex=\"0\">\r\n\t\t\t\t\t\t\t<div class=\"container\"><div class=\"row\"><div class=\"col-6\"><p>Our supplier management system is based on: Regulatory compliance, Environmental responsibility, Workplace health and safety, Quality assurance, Business ethics.<\/p><p>All companies interested in joining our supply chain must meet the requirements set out in our policies and demonstrate sound practices in their operational, financial, and reputational management.<\/p><\/div><div class=\"col-6\"><img decoding=\"async\" class=\"alignnone wp-image-6617 size-full\" src=\"https:\/\/semaica.com\/wp-content\/uploads\/2025\/09\/01-serv-proveedores.jpg\" alt=\"\" width=\"854\" height=\"618\" \/><\/div><\/div><\/div>                        <\/div>\r\n                    <\/div>\r\n\t\t\t\t                    <div class=\"tab-item\">\r\n                        <div class=\"tab-title tab-mobile-title\" aria-selected=\"false\" data-tab=\"2\" role=\"tab\" tabindex=\"-1\" aria-controls=\"tab-content-1952\" aria-expanded=\"false\">\r\n\t\t\t\t\t\t\t\t\t\t\t\t\t\t02. SUPPLIER CODE OF CONDUCT                        <\/div>\r\n                        <div id=\"tab-content-1952\" class=\"tab-content\" data-tab=\"2\" role=\"tabpanel\" aria-labelledby=\"tab-title-1952\" tabindex=\"0\">\r\n\t\t\t\t\t\t\t<div class=\"container\">\n<div class=\"row\">\n<div class=\"col-6\">\n\nWe expect all partners to uphold principles including:\n<ul>\n \t<li>Integrity and ethical business practices.<\/li>\n \t<li>Compliance with labor and tax laws.<\/li>\n \t<li>Respect for human and labor rights.<\/li>\n \t<li>Commitment to occupational health and safety.<\/li>\n \t<li>Environmental protection.<\/li>\n<\/ul>\nWe expect our suppliers to act responsibly and transparently throughout all stages of the process, promoting fair, inclusive, and sustainable relationships.\n\n<\/div>\n<div class=\"col-6\"><img decoding=\"async\" class=\"alignnone wp-image-6617 size-full\" src=\"https:\/\/semaica.com\/wp-content\/uploads\/2025\/10\/serv-proveedores-3.jpg\" alt=\"\" width=\"854\" height=\"618\" \/><\/div>\n<\/div>\n<\/div>                        <\/div>\r\n                    <\/div>\r\n\t\t\t\t                    <div class=\"tab-item\">\r\n                        <div class=\"tab-title tab-mobile-title\" aria-selected=\"false\" data-tab=\"3\" role=\"tab\" tabindex=\"-1\" aria-controls=\"tab-content-1953\" aria-expanded=\"false\">\r\n\t\t\t\t\t\t\t\t\t\t\t\t\t\t03. CONCRETO PLATFORM                        <\/div>\r\n                        <div id=\"tab-content-1953\" class=\"tab-content\" data-tab=\"3\" role=\"tabpanel\" aria-labelledby=\"tab-title-1953\" tabindex=\"0\">\r\n\t\t\t\t\t\t\t<div class=\"container\"><div class=\"row\"><div class=\"col-6\"><p>Concreto is our digital platform for supplier qualification and performance management, enabling:  Real-time supplier evaluation,\tDocument compliance tracking, Operational capability assessments.<\/p><p>This tool empowers us to build a reliable, efficient, and transparent supplier network aligned with our excellence standards.<\/p><\/div><div class=\"col-6\"><img loading=\"lazy\" decoding=\"async\" class=\"alignnone wp-image-6617 size-full\" src=\"https:\/\/semaica.com\/wp-content\/uploads\/2025\/09\/03-serv-proveedores.jpg\" alt=\"\" width=\"854\" height=\"618\" \/><\/div><\/div><\/div>                        <\/div>\r\n                    <\/div>\r\n\t\t\t\t\t\t\t<\/div>\r\n\t\t<\/div>\r\n\t\t\t\t\t\t<\/div>\n\t\t\t\t<\/div>\n\t\t\t\t<\/div>\n\t\t<div class=\"elementor-element elementor-element-24829c3 elementor-hidden-desktop elementor-hidden-laptop e-flex e-con-boxed e-con e-parent\" data-id=\"24829c3\" data-element_type=\"container\" data-settings=\"{&quot;wcf_enable_cursor_hover_effect_text&quot;:&quot;View&quot;,&quot;wcf-animation&quot;:&quot;none&quot;,&quot;wcf_enable_horizontal_scroll&quot;:&quot;no&quot;}\">\n\t\t\t\t\t<div class=\"e-con-inner\">\n\t\t\t\t\t<\/div>\n\t\t\t\t<\/div>\n\t\t<div class=\"elementor-element elementor-element-eb80f22 e-flex e-con-boxed e-con e-parent\" data-id=\"eb80f22\" data-element_type=\"container\" data-settings=\"{&quot;wcf_enable_cursor_hover_effect_text&quot;:&quot;View&quot;,&quot;wcf-animation&quot;:&quot;none&quot;,&quot;wcf_enable_horizontal_scroll&quot;:&quot;no&quot;}\">\n\t\t\t\t\t<div class=\"e-con-inner\">\n\t\t\t\t<div class=\"elementor-element elementor-element-8de43b8 elementor-widget elementor-widget-spacer\" data-id=\"8de43b8\" data-element_type=\"widget\" data-settings=\"{&quot;wcf-animation&quot;:&quot;none&quot;}\" data-widget_type=\"spacer.default\">\n\t\t\t\t<div class=\"elementor-widget-container\">\n\t\t\t\t\t\t\t<div class=\"elementor-spacer\">\n\t\t\t<div class=\"elementor-spacer-inner\"><\/div>\n\t\t<\/div>\n\t\t\t\t\t\t<\/div>\n\t\t\t\t<\/div>\n\t\t\t\t\t<\/div>\n\t\t\t\t<\/div>\n\t\t<div class=\"aae-disable-transition elementor-element elementor-element-1805bc0 e-flex e-con-boxed e-con e-parent\" data-speed=\"0.9\" data-id=\"1805bc0\" data-element_type=\"container\" data-settings=\"{&quot;wcf-animation&quot;:&quot;fade&quot;,&quot;fade-from&quot;:&quot;scale&quot;,&quot;wcf_enable_cursor_hover_effect_text&quot;:&quot;View&quot;,&quot;aae_method&quot;:&quot;from&quot;,&quot;aae_trigger&quot;:&quot;on_scroll&quot;,&quot;delay&quot;:0.1499999999999999944488848768742172978818416595458984375,&quot;data-duration&quot;:1.5,&quot;ease&quot;:&quot;power2.out&quot;,&quot;wcf-a-scale&quot;:0.6999999999999999555910790149937383830547332763671875,&quot;wcf_enable_horizontal_scroll&quot;:&quot;no&quot;}\">\n\t\t\t\t\t<div class=\"e-con-inner\">\n\t\t\t\t<div class=\"elementor-element elementor-element-7bee304 elementor-widget elementor-widget-wcf--button\" data-id=\"7bee304\" data-element_type=\"widget\" data-settings=\"{&quot;wcf-animation&quot;:&quot;none&quot;}\" data-widget_type=\"wcf--button.default\">\n\t\t\t\t<div class=\"elementor-widget-container\">\n\t\t\t\t\t        <div class=\"wcf__btn\">\r\n\t\t\t                <a href=\"https:\/\/www.concreto.ai\/\" target=\"_blank\" class=\"wcf-btn-default btn-hover-none\">\r\n\t\t\t\t\t\t\t\t\t\tSUPPLIER RELATIONSHIPS                <\/a>\r\n\t\t\t\t        <\/div>\r\n\t\t\t\t\t\t<\/div>\n\t\t\t\t<\/div>\n\t\t\t\t\t<\/div>\n\t\t\t\t<\/div>\n\t\t<div class=\"elementor-element elementor-element-04b5178 e-flex e-con-boxed e-con e-parent\" data-id=\"04b5178\" data-element_type=\"container\" data-settings=\"{&quot;wcf_enable_cursor_hover_effect_text&quot;:&quot;View&quot;,&quot;wcf-animation&quot;:&quot;none&quot;,&quot;wcf_enable_horizontal_scroll&quot;:&quot;no&quot;}\">\n\t\t\t\t\t<div class=\"e-con-inner\">\n\t\t\t\t<div class=\"elementor-element elementor-element-814fa26 elementor-widget elementor-widget-spacer\" data-id=\"814fa26\" data-element_type=\"widget\" data-settings=\"{&quot;wcf-animation&quot;:&quot;none&quot;}\" data-widget_type=\"spacer.default\">\n\t\t\t\t<div class=\"elementor-widget-container\">\n\t\t\t\t\t\t\t<div class=\"elementor-spacer\">\n\t\t\t<div class=\"elementor-spacer-inner\"><\/div>\n\t\t<\/div>\n\t\t\t\t\t\t<\/div>\n\t\t\t\t<\/div>\n\t\t\t\t\t<\/div>\n\t\t\t\t<\/div>\n\t\t<div class=\"elementor-element elementor-element-4311c0e e-flex e-con-boxed e-con e-parent\" data-id=\"4311c0e\" data-element_type=\"container\" data-settings=\"{&quot;wcf_enable_cursor_hover_effect_text&quot;:&quot;View&quot;,&quot;wcf-animation&quot;:&quot;none&quot;,&quot;wcf_enable_horizontal_scroll&quot;:&quot;no&quot;}\">\n\t\t\t\t\t<div class=\"e-con-inner\">\n\t\t\t\t<div class=\"elementor-element elementor-element-6249fec elementor-widget elementor-widget-html\" data-id=\"6249fec\" data-element_type=\"widget\" data-settings=\"{&quot;wcf-animation&quot;:&quot;none&quot;}\" data-widget_type=\"html.default\">\n\t\t\t\t<div class=\"elementor-widget-container\">\n\t\t\t\t\t<script type=\"text\/javascript\">\n    \njQuery(document).ready(function( $ ){\n    window.onload = function(){\n        var elToFind = localStorage.getItem(\"storageName\");\n        $(\"a:contains('\"+elToFind+\"')\").css('color', '#004289');\n        $(\"a:contains('\"+elToFind+\"')\").closest('li').addClass('jet-mega-current-menu-item');\n    }\n});\n<\/script>\t\t\t\t<\/div>\n\t\t\t\t<\/div>\n\t\t\t\t\t<\/div>\n\t\t\t\t<\/div>\n\t\t\t\t<\/div>","protected":false},"excerpt":{"rendered":"<p>S\u00c9 NUESTRO PROVEEDOR En el Grupo Empresarial Semaica creemos en relaciones comerciales basadas en la confianza, la transparencia y el compromiso mutuo con la calidad. Por eso, trabajamos con proveedores que comparten nuestros valores y que est\u00e9n alineados con nuestros altos est\u00e1ndares de integridad, cumplimiento y sostenibilidad. INFORMACI\u00d3N PARA PROVEEDORES 01. NUESTRAS POL\u00cdTICAS DE PROVEEDORES [&hellip;]<\/p>","protected":false},"author":1,"featured_media":0,"parent":0,"menu_order":0,"comment_status":"closed","ping_status":"closed","template":"elementor_header_footer","meta":{"footnotes":""},"class_list":["post-6244","page","type-page","status-publish","hentry"],"_links":{"self":[{"href":"http:\/\/www.semaica.com\/en\/wp-json\/wp\/v2\/pages\/6244","targetHints":{"allow":["GET"]}}],"collection":[{"href":"http:\/\/www.semaica.com\/en\/wp-json\/wp\/v2\/pages"}],"about":[{"href":"http:\/\/www.semaica.com\/en\/wp-json\/wp\/v2\/types\/page"}],"author":[{"embeddable":true,"href":"http:\/\/www.semaica.com\/en\/wp-json\/wp\/v2\/users\/1"}],"replies":[{"embeddable":true,"href":"http:\/\/www.semaica.com\/en\/wp-json\/wp\/v2\/comments?post=6244"}],"version-history":[{"count":0,"href":"http:\/\/www.semaica.com\/en\/wp-json\/wp\/v2\/pages\/6244\/revisions"}],"wp:attachment":[{"href":"http:\/\/www.semaica.com\/en\/wp-json\/wp\/v2\/media?parent=6244"}],"curies":[{"name":"wp","href":"https:\/\/api.w.org\/{rel}","templated":true}]}}