{"id":5462,"date":"2025-09-16T03:01:38","date_gmt":"2025-09-16T03:01:38","guid":{"rendered":"https:\/\/dev4.dejabu.ec\/semaica\/?page_id=5462"},"modified":"2025-10-15T17:37:31","modified_gmt":"2025-10-15T22:37:31","slug":"compliance","status":"publish","type":"page","link":"http:\/\/www.semaica.com\/en\/compliance\/","title":{"rendered":"Compliance"},"content":{"rendered":"<div data-elementor-type=\"wp-page\" data-elementor-id=\"5462\" class=\"elementor elementor-5462\" data-elementor-post-type=\"page\">\n\t\t\t\t<div class=\"elementor-element elementor-element-2fca2d9 e-flex e-con-boxed e-con e-parent\" data-id=\"2fca2d9\" data-element_type=\"container\" data-settings=\"{&quot;wcf_enable_cursor_hover_effect_text&quot;:&quot;View&quot;,&quot;wcf-animation&quot;:&quot;none&quot;,&quot;wcf_enable_horizontal_scroll&quot;:&quot;no&quot;}\">\n\t\t\t\t\t<div class=\"e-con-inner\">\n\t\t<div class=\"aae-disable-transition elementor-element elementor-element-1990142 e-con-full e-flex e-con e-child\" data-speed=\"0.9\" data-id=\"1990142\" data-element_type=\"container\" data-settings=\"{&quot;wcf_enable_cursor_hover_effect_text&quot;:&quot;View&quot;,&quot;wcf-animation&quot;:&quot;fade&quot;,&quot;fade-from&quot;:&quot;left&quot;,&quot;aae_method&quot;:&quot;from&quot;,&quot;aae_trigger&quot;:&quot;on_scroll&quot;,&quot;delay&quot;:0.1499999999999999944488848768742172978818416595458984375,&quot;data-duration&quot;:1.5,&quot;ease&quot;:&quot;power2.out&quot;,&quot;fade-offset&quot;:50,&quot;wcf_enable_horizontal_scroll&quot;:&quot;no&quot;}\">\n\t\t\t\t<div data-speed=\"0.9\" class=\"elementor-element elementor-element-5a84b4d elementor-widget elementor-widget-wcf--image\" data-id=\"5a84b4d\" data-element_type=\"widget\" data-settings=\"{&quot;wcf-image-animation&quot;:&quot;reveal&quot;,&quot;aae_a_start_from&quot;:&quot;right&quot;,&quot;wcf-animation-start&quot;:&quot;top center&quot;,&quot;image-ease&quot;:&quot;power2.out&quot;,&quot;wcf-animation&quot;:&quot;none&quot;}\" data-widget_type=\"wcf--image.default\">\n\t\t\t\t<div class=\"elementor-widget-container\">\n\t\t\t\t\t\t\t<div class=\"wcf--image\">\r\n\t\t\t\t\t\t\t<img fetchpriority=\"high\" decoding=\"async\" width=\"930\" height=\"556\" src=\"https:\/\/www.semaica.com\/wp-content\/uploads\/2025\/09\/denuncias.jpg\" class=\"attachment-full size-full wp-image-6168\" alt=\"\" srcset=\"https:\/\/www.semaica.com\/wp-content\/uploads\/2025\/09\/denuncias.jpg 930w, https:\/\/www.semaica.com\/wp-content\/uploads\/2025\/09\/denuncias-300x179.jpg 300w, https:\/\/www.semaica.com\/wp-content\/uploads\/2025\/09\/denuncias-768x459.jpg 768w, https:\/\/www.semaica.com\/wp-content\/uploads\/2025\/09\/denuncias-18x12.jpg 18w\" sizes=\"(max-width: 930px) 100vw, 930px\" \/>\t\t\t\t\t\t<\/div>\r\n\t\t\t\t<\/div>\n\t\t\t\t<\/div>\n\t\t\t\t<\/div>\n\t\t<div class=\"aae-disable-transition elementor-element elementor-element-713c526 e-con-full e-flex e-con e-child\" data-id=\"713c526\" data-element_type=\"container\" data-settings=\"{&quot;wcf-animation&quot;:&quot;fade&quot;,&quot;fade-from&quot;:&quot;right&quot;,&quot;wcf_enable_cursor_hover_effect_text&quot;:&quot;View&quot;,&quot;aae_method&quot;:&quot;from&quot;,&quot;aae_trigger&quot;:&quot;on_scroll&quot;,&quot;delay&quot;:0.1499999999999999944488848768742172978818416595458984375,&quot;data-duration&quot;:1.5,&quot;ease&quot;:&quot;power2.out&quot;,&quot;fade-offset&quot;:50,&quot;wcf_enable_horizontal_scroll&quot;:&quot;no&quot;}\">\n\t\t\t\t<div class=\"elementor-element elementor-element-9623aeb wcf-t-animation-none elementor-widget elementor-widget-heading\" data-id=\"9623aeb\" data-element_type=\"widget\" data-settings=\"{&quot;wcf_text_animation&quot;:&quot;none&quot;,&quot;wcf-animation&quot;:&quot;none&quot;}\" data-widget_type=\"heading.default\">\n\t\t\t\t<div class=\"elementor-widget-container\">\n\t\t\t\t\t<h2 class=\"elementor-heading-title elementor-size-default translation-block\"><span style=\"font-weight: 300\">REPORTING <\/span><span style=\"color: #004289;font-weight: 600\">CHANNEL<\/span><\/h2>\t\t\t\t<\/div>\n\t\t\t\t<\/div>\n\t\t\t\t<div class=\"elementor-element elementor-element-546f0f5 wcf-t-animation-none elementor-widget elementor-widget-text-editor\" data-id=\"546f0f5\" data-element_type=\"widget\" data-settings=\"{&quot;wcf_text_animation&quot;:&quot;none&quot;,&quot;wcf-animation&quot;:&quot;none&quot;}\" data-widget_type=\"text-editor.default\">\n\t\t\t\t<div class=\"elementor-widget-container\">\n\t\t\t\t\t\t\t\t\t<ul><li>Our Confidential Reporting Channel allows <br>stakeholders to report misconduct securely.<\/li><li>Fields include: Reporter details (optional), <br>Reported party details, Project (if applicable), <br>Nature of the report.<\/li><li>Supporting documentation (optional).<\/li><li><strong>All reports are strictly confidential and handled with <br>the highest level of integrity.<\/strong><\/li><\/ul>\t\t\t\t\t\t\t\t<\/div>\n\t\t\t\t<\/div>\n\t\t\t\t<\/div>\n\t\t\t\t\t<\/div>\n\t\t\t\t<\/div>\n\t\t<div class=\"elementor-element elementor-element-c60b861 e-flex e-con-boxed e-con e-parent\" data-id=\"c60b861\" data-element_type=\"container\" data-settings=\"{&quot;wcf_enable_cursor_hover_effect_text&quot;:&quot;View&quot;,&quot;wcf-animation&quot;:&quot;none&quot;,&quot;wcf_enable_horizontal_scroll&quot;:&quot;no&quot;}\">\n\t\t\t\t\t<div class=\"e-con-inner\">\n\t\t\t\t<div class=\"elementor-element elementor-element-b62b341 elementor-widget elementor-widget-spacer\" data-id=\"b62b341\" data-element_type=\"widget\" data-settings=\"{&quot;wcf-animation&quot;:&quot;none&quot;}\" data-widget_type=\"spacer.default\">\n\t\t\t\t<div class=\"elementor-widget-container\">\n\t\t\t\t\t\t\t<div class=\"elementor-spacer\">\n\t\t\t<div class=\"elementor-spacer-inner\"><\/div>\n\t\t<\/div>\n\t\t\t\t\t\t<\/div>\n\t\t\t\t<\/div>\n\t\t\t\t\t<\/div>\n\t\t\t\t<\/div>\n\t\t<div class=\"aae-disable-transition elementor-element elementor-element-5cbfc51 e-flex e-con-boxed e-con e-parent\" data-id=\"5cbfc51\" data-element_type=\"container\" data-settings=\"{&quot;wcf-animation&quot;:&quot;fade&quot;,&quot;wcf_enable_cursor_hover_effect_text&quot;:&quot;View&quot;,&quot;aae_method&quot;:&quot;from&quot;,&quot;aae_trigger&quot;:&quot;on_scroll&quot;,&quot;delay&quot;:0.1499999999999999944488848768742172978818416595458984375,&quot;fade-from&quot;:&quot;bottom&quot;,&quot;data-duration&quot;:1.5,&quot;ease&quot;:&quot;power2.out&quot;,&quot;fade-offset&quot;:50,&quot;wcf_enable_horizontal_scroll&quot;:&quot;no&quot;}\">\n\t\t\t\t\t<div class=\"e-con-inner\">\n\t\t\t\t<div class=\"elementor-element elementor-element-82fa052 icon-position-before elementor-widget elementor-widget-wcf--contact-form-7\" data-id=\"82fa052\" data-element_type=\"widget\" data-settings=\"{&quot;wcf-animation&quot;:&quot;none&quot;}\" data-widget_type=\"wcf--contact-form-7.default\">\n\t\t\t\t<div class=\"elementor-widget-container\">\n\t\t\t\t\t        <style>\r\n            .wcf--form-wrapper form label {\r\n                display: block;\r\n            }\r\n        <\/style>\r\n        <div class=\"wcf--form-wrapper\" btn-hover=\"btn-hover-none\" >\r\n\t\t\t\n<div class=\"wpcf7 no-js\" id=\"wpcf7-f6182-o1\" lang=\"en-US\" dir=\"ltr\" data-wpcf7-id=\"6182\">\n<div class=\"screen-reader-response\"><p role=\"status\" aria-live=\"polite\" aria-atomic=\"true\"><\/p> <ul><\/ul><\/div>\n<form action=\"\/en\/wp-json\/wp\/v2\/pages\/5462#wpcf7-f6182-o1\" method=\"post\" class=\"wpcf7-form init\" aria-label=\"Contact form\" enctype=\"multipart\/form-data\" novalidate=\"novalidate\" data-status=\"init\" data-trp-original-action=\"\/en\/wp-json\/wp\/v2\/pages\/5462#wpcf7-f6182-o1\">\n<fieldset class=\"hidden-fields-container\"><input type=\"hidden\" name=\"_wpcf7\" value=\"6182\" \/><input type=\"hidden\" name=\"_wpcf7_version\" value=\"6.1.2\" \/><input type=\"hidden\" name=\"_wpcf7_locale\" value=\"en_US\" \/><input type=\"hidden\" name=\"_wpcf7_unit_tag\" value=\"wpcf7-f6182-o1\" \/><input type=\"hidden\" name=\"_wpcf7_container_post\" value=\"0\" \/><input type=\"hidden\" name=\"_wpcf7_posted_data_hash\" value=\"\" \/><input type=\"hidden\" name=\"_wpcf7_recaptcha_response\" value=\"\" \/>\n<\/fieldset>\n<div class=\"container tcn\">\n\t\t<div class=\"row\">\n\t\t\t\t<div class=\"row\">\n\t\t\t\t<div class=\"col-sm-12\">\n\t\t\t\t\t\t<p> Company to which the report is addressed *<\/p>\n\t\t\t\t\t\t<span class=\"wpcf7-form-control-wrap\" data-name=\"recipient\"><select class=\"wpcf7-form-control wpcf7-select wpcf7-validates-as-required\" aria-required=\"true\" aria-invalid=\"false\" name=\"recipient\"><option value=\"--- Seleccionar Empresa ---\">--- Select Company ---<\/option><option value=\"Ingenier\u00eda y Construcci\u00f3n de Obras\">Engineering &amp; Construction<\/option><option value=\"Ingenier\u00eda y Construcci\u00f3n Mec\u00e1nica, El\u00e9ctrica, Electr\u00f3nica e Hidrosanitaria (MEP)\">Mechanical, Electrical, Electronic, and Hydrosanitary Engineering and Construction (MEP)<\/option><option value=\"Miner\u00eda\">Mining Division<\/option><option value=\"Estructuraci\u00f3n y Desarrollo Inmobiliario\">Real Estate Structuring &amp; Development<\/option><option value=\"Distribuci\u00f3n de Materiales y Equipos\">Materials &amp; Equipment Distribution<\/option><option value=\"Tecnolog\u00eda y Anal\u00edtica de Datos\">Technology &amp; Data Analytics<\/option><\/select><\/span>\n\t\t\t\t\t\t<br><br><br>\n\t\t\t\t<\/div>\n\t\t\t\t\t\t\n\t\t<\/div>\n\t\t\t\t<div class=\"col-sm-12\">\n\t\t\t\t\t\t<h3>\n\t\t\t\t\t\t\t\tWHISTLEBLOWER INFORMATION\n\t\t\t\t\t\t<\/h3>\n\t\t\t\t\t\t<div style=\"height: 38px;\">\n\t\t\t\t\t\t\t\t\n\t\t\t\t\t\t<\/div>\n\t\t\t\t<\/div>\n\t\t<\/div>\n\t\t<div class=\"row\">\n\t\t\t\t<div class=\"col-sm-6\">\n\t\t\t\t\t\t<span class=\"wpcf7-form-control-wrap\" data-name=\"nombre\"><input size=\"40\" maxlength=\"400\" class=\"wpcf7-form-control wpcf7-text\" aria-invalid=\"false\" placeholder=\"Full Name\" value=\"\" type=\"text\" name=\"nombre\" \/><\/span>\n\t\t\t\t<\/div>\n\t\t\t\t<div class=\"col-sm-6\">\n\t\t\t\t\t\t<span class=\"wpcf7-form-control-wrap\" data-name=\"telefono\"><input size=\"40\" maxlength=\"400\" class=\"wpcf7-form-control wpcf7-tel wpcf7-text wpcf7-validates-as-tel\" aria-invalid=\"false\" placeholder=\"Phone Number\" value=\"\" type=\"tel\" name=\"telefono\" \/><\/span>\n\t\t\t\t<\/div>\n\t\t<\/div>\n\t\t<div class=\"row\">\n\t\t\t\t<div class=\"col-sm-6\">\n\t\t\t\t\t\t<span class=\"wpcf7-form-control-wrap\" data-name=\"your-email\"><input size=\"40\" maxlength=\"400\" class=\"wpcf7-form-control wpcf7-email wpcf7-text wpcf7-validates-as-email\" aria-invalid=\"false\" placeholder=\"Email Address\" value=\"\" type=\"email\" name=\"your-email\" \/><\/span>\n\t\t\t\t<\/div>\n\t\t<\/div>\n\t\t<div class=\"row\">\n\t\t\t\t<div class=\"col-sm-12\">\n\t\t\t\t\t\t<div style=\"height: 38px;\">\n\t\t\t\t\t\t\t\t\n\t\t\t\t\t\t<\/div>\n\t\t\t\t\t\t<h3>REPORTED PARTY INFORMATION<\/h3>\n\t\t\t\t\t\t<div style=\"height: 38px;\">\n\t\t\t\t\t\t\t\t\n\t\t\t\t\t\t<\/div>\n\t\t\t\t<\/div>\n\t\t<\/div>\n\t\t<div class=\"row\">\n\t\t\t\t<div class=\"col-sm-6\">\n\t\t\t\t\t\t<span class=\"wpcf7-form-control-wrap\" data-name=\"nombres\"><input size=\"40\" maxlength=\"400\" class=\"wpcf7-form-control wpcf7-text wpcf7-validates-as-required\" aria-required=\"true\" aria-invalid=\"false\" placeholder=\"Full Name *\" value=\"\" type=\"text\" name=\"nombres\" \/><\/span>\n\t\t\t\t<\/div>\n\t\t\t\t<div class=\"col-sm-6\">\n\t\t\t\t\t\t<span class=\"wpcf7-form-control-wrap\" data-name=\"identificacion\"><input size=\"40\" maxlength=\"400\" class=\"wpcf7-form-control wpcf7-text wpcf7-validates-as-required\" aria-required=\"true\" aria-invalid=\"false\" placeholder=\"Identification Number *\" value=\"\" type=\"text\" name=\"identificacion\" \/><\/span>\n\t\t\t\t<\/div>\n\t\t<\/div>\n\t\t<div class=\"row\">\n\t\t\t\t<div class=\"col-sm-6\">\n\t\t\t\t\t\t<span class=\"wpcf7-form-control-wrap\" data-name=\"obra\"><input size=\"40\" maxlength=\"400\" class=\"wpcf7-form-control wpcf7-text\" aria-invalid=\"false\" placeholder=\"Project \/ Work (if applicable)\" value=\"\" type=\"text\" name=\"obra\" \/><\/span>\n\t\t\t\t<\/div>\n\t\t\t\t<div class=\"col-sm-6\">\n\t\t\t\t\t\t<span class=\"wpcf7-form-control-wrap\" data-name=\"motivo\"><input size=\"40\" maxlength=\"400\" class=\"wpcf7-form-control wpcf7-text wpcf7-validates-as-required\" aria-required=\"true\" aria-invalid=\"false\" placeholder=\"Reason for the Report *\" value=\"\" type=\"text\" name=\"motivo\" \/><\/span>\n\t\t\t\t<\/div>\n\t\t<\/div>\n\t\t<div class=\"row\">\n\t\t\t\t<div class=\"col-sm-12\">\n\t\t\t\t\t\t<span class=\"wpcf7-form-control-wrap\" data-name=\"detalle\"><textarea cols=\"40\" rows=\"10\" maxlength=\"2000\" class=\"wpcf7-form-control wpcf7-textarea wpcf7-validates-as-required\" aria-required=\"true\" aria-invalid=\"false\" placeholder=\"Detailed Description of the Report *\" name=\"detalle\"><\/textarea><\/span>\n\t\t\t\t<\/div>\n\t\t<\/div>\n\t\t<div class=\"row\">\n\t\t\t\t<div class=\"col-sm-12\">\n\t\t\t\t\t\t<div style=\"height: 38px;\">\n\t\t\t\t\t\t\t\t\n\t\t\t\t\t\t<\/div>\n\t\t\t\t\t\t<p><b>Attach:<\/b><\/p>\n\t\t\t\t\t\t<span class=\"wpcf7-form-control-wrap\" data-name=\"anexo\"><input size=\"40\" class=\"wpcf7-form-control wpcf7-file wpcf7-validates-as-required\" accept=\".pdf,.doc\" aria-required=\"true\" aria-invalid=\"false\" type=\"file\" name=\"anexo\" \/><\/span>\n\t\t\t\t\t\t<p>*Attachments must be in .pdf or .doc format and not exceed 1MB.\t<\/p>\n\t\t\t\t<\/div>\n\t\t\t\t<div class=\"col-sm-6\">\n\t\t\t\t\t\t\n\t\t\t\t<\/div>\n\t\t<\/div>\n\t\t<div class=\"row\">\n\t\t\t\t<div class=\"col-sm-12\">\n\t\t\t\t\t\t<div style=\"height: 55px;\">\n\t\t\t\t\t\t\t\t\n\t\t\t\t\t\t<\/div>\n\t\t\t\t<\/div>\n\t\t<\/div>\n\t\t<div class=\"row\">\n\t\t\t\t<div class=\"col-sm-12 text-center\">\n\t\t\t\t\t\t<input class=\"wpcf7-form-control wpcf7-submit has-spinner\" type=\"submit\" value=\"SEND\" \/>\t\n\t\t\t\t<\/div>\n\t\t<\/div>\t\t\t\n<\/div><div class=\"wpcf7-response-output\" aria-hidden=\"true\"><\/div>\n<input type=\"hidden\" name=\"trp-form-language\" value=\"en\"\/><\/form>\n<\/div>\n            <div class=\"btn-icon elementor-screen-only\">\r\n\t\t\t\t            <\/div>\r\n        <\/div>\r\n\r\n\t\t\t\t\t\t<\/div>\n\t\t\t\t<\/div>\n\t\t\t\t\t<\/div>\n\t\t\t\t<\/div>\n\t\t<div class=\"elementor-element elementor-element-627a09e e-flex e-con-boxed e-con e-parent\" data-id=\"627a09e\" data-element_type=\"container\" data-settings=\"{&quot;wcf_enable_cursor_hover_effect_text&quot;:&quot;View&quot;,&quot;wcf-animation&quot;:&quot;none&quot;,&quot;wcf_enable_horizontal_scroll&quot;:&quot;no&quot;}\">\n\t\t\t\t\t<div class=\"e-con-inner\">\n\t\t\t\t<div class=\"elementor-element elementor-element-9e4d234 elementor-widget elementor-widget-spacer\" data-id=\"9e4d234\" data-element_type=\"widget\" data-settings=\"{&quot;wcf-animation&quot;:&quot;none&quot;}\" data-widget_type=\"spacer.default\">\n\t\t\t\t<div class=\"elementor-widget-container\">\n\t\t\t\t\t\t\t<div class=\"elementor-spacer\">\n\t\t\t<div class=\"elementor-spacer-inner\"><\/div>\n\t\t<\/div>\n\t\t\t\t\t\t<\/div>\n\t\t\t\t<\/div>\n\t\t\t\t\t<\/div>\n\t\t\t\t<\/div>\n\t\t<div class=\"elementor-element elementor-element-a627ac4 e-flex e-con-boxed e-con e-parent\" data-id=\"a627ac4\" data-element_type=\"container\" data-settings=\"{&quot;wcf_enable_cursor_hover_effect_text&quot;:&quot;View&quot;,&quot;wcf-animation&quot;:&quot;none&quot;,&quot;wcf_enable_horizontal_scroll&quot;:&quot;no&quot;}\">\n\t\t\t\t\t<div class=\"e-con-inner\">\n\t\t\t\t<div class=\"elementor-element elementor-element-0cd288c elementor-widget elementor-widget-html\" data-id=\"0cd288c\" data-element_type=\"widget\" data-settings=\"{&quot;wcf-animation&quot;:&quot;none&quot;}\" data-widget_type=\"html.default\">\n\t\t\t\t<div class=\"elementor-widget-container\">\n\t\t\t\t\t<script type=\"text\/javascript\">\n    \njQuery(document).ready(function( $ ){\n    window.onload = function(){\n        var elToFind = localStorage.getItem(\"storageName\");\n        $(\"a:contains('\"+elToFind+\"')\").css('color', '#004289');\n        $(\"a:contains('\"+elToFind+\"')\").closest('li').addClass('jet-mega-current-menu-item');\n    }\n});\n<\/script>\t\t\t\t<\/div>\n\t\t\t\t<\/div>\n\t\t\t\t\t<\/div>\n\t\t\t\t<\/div>\n\t\t\t\t<\/div>","protected":false},"excerpt":{"rendered":"<p>CANAL DE DENUNCIAS Por favor complete los siguientes datos para enviar su denuncia. Todos los campos marcados con (*) son obligatorios. Los datos del denunciante son opcionales. Esta denuncia es de car\u00e1cter confidencial y reservada. Empresa a la que dirige la denuncia * &#8212; Seleccionar Empresa &#8212;Ingenier\u00eda y Construcci\u00f3n de ObrasIngenier\u00eda y Construcci\u00f3n Mec\u00e1nica, El\u00e9ctrica, [&hellip;]<\/p>","protected":false},"author":1,"featured_media":0,"parent":0,"menu_order":0,"comment_status":"closed","ping_status":"closed","template":"elementor_header_footer","meta":{"footnotes":""},"class_list":["post-5462","page","type-page","status-publish","hentry"],"_links":{"self":[{"href":"http:\/\/www.semaica.com\/en\/wp-json\/wp\/v2\/pages\/5462","targetHints":{"allow":["GET"]}}],"collection":[{"href":"http:\/\/www.semaica.com\/en\/wp-json\/wp\/v2\/pages"}],"about":[{"href":"http:\/\/www.semaica.com\/en\/wp-json\/wp\/v2\/types\/page"}],"author":[{"embeddable":true,"href":"http:\/\/www.semaica.com\/en\/wp-json\/wp\/v2\/users\/1"}],"replies":[{"embeddable":true,"href":"http:\/\/www.semaica.com\/en\/wp-json\/wp\/v2\/comments?post=5462"}],"version-history":[{"count":0,"href":"http:\/\/www.semaica.com\/en\/wp-json\/wp\/v2\/pages\/5462\/revisions"}],"wp:attachment":[{"href":"http:\/\/www.semaica.com\/en\/wp-json\/wp\/v2\/media?parent=5462"}],"curies":[{"name":"wp","href":"https:\/\/api.w.org\/{rel}","templated":true}]}}